{"id":35,"date":"2022-04-04T15:39:43","date_gmt":"2022-04-04T15:39:43","guid":{"rendered":"http:\/\/www.plusmedskarszewy.pl\/?page_id=35"},"modified":"2023-12-01T19:14:59","modified_gmt":"2023-12-01T19:14:59","slug":"aktualnosci","status":"publish","type":"page","link":"http:\/\/www.plusmedskarszewy.pl\/","title":{"rendered":"AKTUALNO\u015aCI"},"content":{"rendered":"\t\t<div data-elementor-type=\"wp-page\" data-elementor-id=\"35\" class=\"elementor elementor-35\" data-elementor-post-type=\"page\">\n\t\t\t\t\t\t<section class=\"elementor-section elementor-top-section elementor-element elementor-element-8427526 elementor-section-boxed elementor-section-height-default elementor-section-height-default\" data-id=\"8427526\" data-element_type=\"section\">\n\t\t\t\t\t\t<div class=\"elementor-container elementor-column-gap-default\">\n\t\t\t\t\t<div class=\"elementor-column elementor-col-100 elementor-top-column elementor-element elementor-element-2e3e370\" data-id=\"2e3e370\" data-element_type=\"column\">\n\t\t\t<div class=\"elementor-widget-wrap elementor-element-populated\">\n\t\t\t\t\t\t<div class=\"elementor-element elementor-element-d402d98 elementor-grid-3 elementor-grid-tablet-2 elementor-grid-mobile-1 elementor-posts--thumbnail-top elementor-posts--show-avatar elementor-card-shadow-yes elementor-posts__hover-gradient elementor-widget elementor-widget-posts\" data-id=\"d402d98\" data-element_type=\"widget\" data-settings=\"{&quot;cards_columns&quot;:&quot;3&quot;,&quot;cards_columns_tablet&quot;:&quot;2&quot;,&quot;cards_columns_mobile&quot;:&quot;1&quot;,&quot;cards_row_gap&quot;:{&quot;unit&quot;:&quot;px&quot;,&quot;size&quot;:35,&quot;sizes&quot;:[]},&quot;cards_row_gap_tablet&quot;:{&quot;unit&quot;:&quot;px&quot;,&quot;size&quot;:&quot;&quot;,&quot;sizes&quot;:[]},&quot;cards_row_gap_mobile&quot;:{&quot;unit&quot;:&quot;px&quot;,&quot;size&quot;:&quot;&quot;,&quot;sizes&quot;:[]}}\" data-widget_type=\"posts.cards\">\n\t\t\t\t<div class=\"elementor-widget-container\">\n\t\t\t<link rel=\"stylesheet\" href=\"https:\/\/www.plusmedskarszewy.pl\/wp-content\/plugins\/elementor-pro\/assets\/css\/widget-posts.min.css\">\t\t<div class=\"elementor-posts-container elementor-posts elementor-posts--skin-cards elementor-grid\">\n\t\t\t\t<article class=\"elementor-post elementor-grid-item post-358 post type-post status-publish format-standard has-post-thumbnail hentry category-aktualnosci\">\n\t\t\t<div class=\"elementor-post__card\">\n\t\t\t\t<a class=\"elementor-post__thumbnail__link\" href=\"http:\/\/www.plusmedskarszewy.pl\/index.php\/2024\/02\/16\/dolacz-do-naszego-zespolu-poszukujemy-fizjoterapeuty\/\" tabindex=\"-1\" ><div class=\"elementor-post__thumbnail\"><img fetchpriority=\"high\" decoding=\"async\" width=\"1080\" height=\"1080\" src=\"http:\/\/www.plusmedskarszewy.pl\/wp-content\/uploads\/2024\/02\/ogloszenie-fizjo-1.jpg\" class=\"attachment-twentytwenty-fullscreen size-twentytwenty-fullscreen wp-image-353\" alt=\"\" srcset=\"http:\/\/www.plusmedskarszewy.pl\/wp-content\/uploads\/2024\/02\/ogloszenie-fizjo-1.jpg 1080w, http:\/\/www.plusmedskarszewy.pl\/wp-content\/uploads\/2024\/02\/ogloszenie-fizjo-1-300x300.jpg 300w, http:\/\/www.plusmedskarszewy.pl\/wp-content\/uploads\/2024\/02\/ogloszenie-fizjo-1-1024x1024.jpg 1024w, http:\/\/www.plusmedskarszewy.pl\/wp-content\/uploads\/2024\/02\/ogloszenie-fizjo-1-150x150.jpg 150w, http:\/\/www.plusmedskarszewy.pl\/wp-content\/uploads\/2024\/02\/ogloszenie-fizjo-1-768x768.jpg 768w\" sizes=\"(max-width: 1080px) 100vw, 1080px\" \/><\/div><\/a>\n\t\t\t\t<div class=\"elementor-post__badge\">Aktualno\u015bci<\/div>\n\t\t\t\t<div class=\"elementor-post__avatar\">\n\t\t\t<img alt='admin' src='http:\/\/2.gravatar.com\/avatar\/2311dd5009ee164fbeb2dffc5ca20221?s=128&#038;d=mm&#038;r=g' srcset='http:\/\/2.gravatar.com\/avatar\/2311dd5009ee164fbeb2dffc5ca20221?s=256&#038;d=mm&#038;r=g 2x' class='avatar avatar-128 photo' height='128' width='128' \/>\t\t<\/div>\n\t\t\t\t<div class=\"elementor-post__text\">\n\t\t\t\t<h3 class=\"elementor-post__title\">\n\t\t\t<a href=\"http:\/\/www.plusmedskarszewy.pl\/index.php\/2024\/02\/16\/dolacz-do-naszego-zespolu-poszukujemy-fizjoterapeuty\/\" >\n\t\t\t\tDo\u0142\u0105cz do Naszego Zespo\u0142u! Poszukujemy Fizjoterapeuty!\t\t\t<\/a>\n\t\t<\/h3>\n\t\t\t\t<div class=\"elementor-post__excerpt\">\n\t\t\t<p>Je\u015bli jeste\u015b fizjoterapeut\u0105, z pasj\u0105 do pracy z pacjentami i chcesz by\u0107 cz\u0119\u015bci\u0105 profesjonalnego Centrum Rehabilitacji PlusMed, to ta oferta jest dla Ciebie! Wymagania: Wykszta\u0142cenie<\/p>\n\t\t<\/div>\n\t\t\n\t\t<a class=\"elementor-post__read-more\" href=\"http:\/\/www.plusmedskarszewy.pl\/index.php\/2024\/02\/16\/dolacz-do-naszego-zespolu-poszukujemy-fizjoterapeuty\/\" aria-label=\"Read more about Do\u0142\u0105cz do Naszego Zespo\u0142u! Poszukujemy Fizjoterapeuty!\" tabindex=\"-1\" >\n\t\t\tCzytaj wi\u0119cej \u00bb\t\t<\/a>\n\n\t\t\t\t<\/div>\n\t\t\t\t<div class=\"elementor-post__meta-data\">\n\t\t\t\t\t<span class=\"elementor-post-date\">\n\t\t\t16 lutego, 2024\t\t<\/span>\n\t\t\t\t<span class=\"elementor-post-avatar\">\n\t\t\tBrak komentarzy\t\t<\/span>\n\t\t\t\t<\/div>\n\t\t\t\t\t<\/div>\n\t\t<\/article>\n\t\t\t\t<article class=\"elementor-post elementor-grid-item post-348 post type-post status-publish format-standard has-post-thumbnail hentry category-aktualnosci\">\n\t\t\t<div class=\"elementor-post__card\">\n\t\t\t\t<a class=\"elementor-post__thumbnail__link\" href=\"http:\/\/www.plusmedskarszewy.pl\/index.php\/2023\/12\/22\/wesolych-swiat-od-stowarzyszenia-integracja-na-plus\/\" tabindex=\"-1\" ><div class=\"elementor-post__thumbnail\"><img decoding=\"async\" width=\"1748\" height=\"1240\" src=\"http:\/\/www.plusmedskarszewy.pl\/wp-content\/uploads\/2023\/12\/kartka-na-swieta.jpg\" class=\"attachment-twentytwenty-fullscreen size-twentytwenty-fullscreen wp-image-349\" alt=\"\" srcset=\"http:\/\/www.plusmedskarszewy.pl\/wp-content\/uploads\/2023\/12\/kartka-na-swieta.jpg 1748w, http:\/\/www.plusmedskarszewy.pl\/wp-content\/uploads\/2023\/12\/kartka-na-swieta-300x213.jpg 300w, http:\/\/www.plusmedskarszewy.pl\/wp-content\/uploads\/2023\/12\/kartka-na-swieta-1024x726.jpg 1024w, http:\/\/www.plusmedskarszewy.pl\/wp-content\/uploads\/2023\/12\/kartka-na-swieta-768x545.jpg 768w, http:\/\/www.plusmedskarszewy.pl\/wp-content\/uploads\/2023\/12\/kartka-na-swieta-1536x1090.jpg 1536w, http:\/\/www.plusmedskarszewy.pl\/wp-content\/uploads\/2023\/12\/kartka-na-swieta-1200x851.jpg 1200w\" sizes=\"(max-width: 1748px) 100vw, 1748px\" \/><\/div><\/a>\n\t\t\t\t<div class=\"elementor-post__badge\">Aktualno\u015bci<\/div>\n\t\t\t\t<div class=\"elementor-post__avatar\">\n\t\t\t<img alt='admin' src='http:\/\/2.gravatar.com\/avatar\/2311dd5009ee164fbeb2dffc5ca20221?s=128&#038;d=mm&#038;r=g' srcset='http:\/\/2.gravatar.com\/avatar\/2311dd5009ee164fbeb2dffc5ca20221?s=256&#038;d=mm&#038;r=g 2x' class='avatar avatar-128 photo' height='128' width='128' \/>\t\t<\/div>\n\t\t\t\t<div class=\"elementor-post__text\">\n\t\t\t\t<h3 class=\"elementor-post__title\">\n\t\t\t<a href=\"http:\/\/www.plusmedskarszewy.pl\/index.php\/2023\/12\/22\/wesolych-swiat-od-stowarzyszenia-integracja-na-plus\/\" >\n\t\t\t\tWeso\u0142ych \u015awi\u0105t od Stowarzyszenia Integracja na Plus!\t\t\t<\/a>\n\t\t<\/h3>\n\t\t\t\t<div class=\"elementor-post__excerpt\">\n\t\t\t<p>Ca\u0142a nasza wielka rodzina sk\u0142adaj\u0105ca si\u0119 z Centrum Integracji Spo\u0142ecznej, Klubu Seniora w Skarszewach, Kr\u0119gu oraz Owidzu, Centrum Rehabilitacji PLUSMED, Centrum Wsparcia Rodziny, Okr\u0119gowego O\u015brodka<\/p>\n\t\t<\/div>\n\t\t\n\t\t<a class=\"elementor-post__read-more\" href=\"http:\/\/www.plusmedskarszewy.pl\/index.php\/2023\/12\/22\/wesolych-swiat-od-stowarzyszenia-integracja-na-plus\/\" aria-label=\"Read more about Weso\u0142ych \u015awi\u0105t od Stowarzyszenia Integracja na Plus!\" tabindex=\"-1\" >\n\t\t\tCzytaj wi\u0119cej \u00bb\t\t<\/a>\n\n\t\t\t\t<\/div>\n\t\t\t\t<div class=\"elementor-post__meta-data\">\n\t\t\t\t\t<span class=\"elementor-post-date\">\n\t\t\t22 grudnia, 2023\t\t<\/span>\n\t\t\t\t<span class=\"elementor-post-avatar\">\n\t\t\tBrak komentarzy\t\t<\/span>\n\t\t\t\t<\/div>\n\t\t\t\t\t<\/div>\n\t\t<\/article>\n\t\t\t\t<article class=\"elementor-post elementor-grid-item post-340 post type-post status-publish format-standard has-post-thumbnail hentry category-aktualnosci\">\n\t\t\t<div class=\"elementor-post__card\">\n\t\t\t\t<a class=\"elementor-post__thumbnail__link\" href=\"http:\/\/www.plusmedskarszewy.pl\/index.php\/2023\/12\/01\/nowe-bony\/\" tabindex=\"-1\" ><div class=\"elementor-post__thumbnail\"><img decoding=\"async\" width=\"1014\" height=\"1024\" src=\"http:\/\/www.plusmedskarszewy.pl\/wp-content\/uploads\/2023\/12\/WhatsApp-Image-2023-12-01-at-19.45.30.jpeg\" class=\"attachment-twentytwenty-fullscreen size-twentytwenty-fullscreen wp-image-341\" alt=\"\" srcset=\"http:\/\/www.plusmedskarszewy.pl\/wp-content\/uploads\/2023\/12\/WhatsApp-Image-2023-12-01-at-19.45.30.jpeg 1014w, http:\/\/www.plusmedskarszewy.pl\/wp-content\/uploads\/2023\/12\/WhatsApp-Image-2023-12-01-at-19.45.30-297x300.jpeg 297w, http:\/\/www.plusmedskarszewy.pl\/wp-content\/uploads\/2023\/12\/WhatsApp-Image-2023-12-01-at-19.45.30-150x150.jpeg 150w, http:\/\/www.plusmedskarszewy.pl\/wp-content\/uploads\/2023\/12\/WhatsApp-Image-2023-12-01-at-19.45.30-768x776.jpeg 768w\" sizes=\"(max-width: 1014px) 100vw, 1014px\" \/><\/div><\/a>\n\t\t\t\t<div class=\"elementor-post__badge\">Aktualno\u015bci<\/div>\n\t\t\t\t<div class=\"elementor-post__avatar\">\n\t\t\t<img alt='admin' src='http:\/\/2.gravatar.com\/avatar\/2311dd5009ee164fbeb2dffc5ca20221?s=128&#038;d=mm&#038;r=g' srcset='http:\/\/2.gravatar.com\/avatar\/2311dd5009ee164fbeb2dffc5ca20221?s=256&#038;d=mm&#038;r=g 2x' class='avatar avatar-128 photo' height='128' width='128' \/>\t\t<\/div>\n\t\t\t\t<div class=\"elementor-post__text\">\n\t\t\t\t<h3 class=\"elementor-post__title\">\n\t\t\t<a href=\"http:\/\/www.plusmedskarszewy.pl\/index.php\/2023\/12\/01\/nowe-bony\/\" >\n\t\t\t\tNowe BONY!\t\t\t<\/a>\n\t\t<\/h3>\n\t\t\t\t<div class=\"elementor-post__excerpt\">\n\t\t\t<p>\u00a0Nowo\u015b\u0107 w PlusMed! Zbli\u017caj\u0105 si\u0119 Miko\u0142ajki i \u015awi\u0119ta Bo\u017cego Narodzenia, a my mamy dla Was wyj\u0105tkow\u0105 propozycj\u0119 prezentu &#8211; Bony Podarunkowe do naszego Centrum Rehabilitacji<\/p>\n\t\t<\/div>\n\t\t\n\t\t<a class=\"elementor-post__read-more\" href=\"http:\/\/www.plusmedskarszewy.pl\/index.php\/2023\/12\/01\/nowe-bony\/\" aria-label=\"Read more about Nowe BONY!\" tabindex=\"-1\" >\n\t\t\tCzytaj wi\u0119cej \u00bb\t\t<\/a>\n\n\t\t\t\t<\/div>\n\t\t\t\t<div class=\"elementor-post__meta-data\">\n\t\t\t\t\t<span class=\"elementor-post-date\">\n\t\t\t1 grudnia, 2023\t\t<\/span>\n\t\t\t\t<span class=\"elementor-post-avatar\">\n\t\t\tBrak komentarzy\t\t<\/span>\n\t\t\t\t<\/div>\n\t\t\t\t\t<\/div>\n\t\t<\/article>\n\t\t\t\t<\/div>\n\t\t\n\t\t\t\t<\/div>\n\t\t\t\t<\/div>\n\t\t\t\t\t<\/div>\n\t\t<\/div>\n\t\t\t\t\t<\/div>\n\t\t<\/section>\n\t\t\t\t<\/div>\n\t\t","protected":false},"excerpt":{"rendered":"","protected":false},"author":1,"featured_media":0,"parent":0,"menu_order":0,"comment_status":"closed","ping_status":"closed","template":"templates\/template-full-width.php","meta":{"footnotes":""},"_links":{"self":[{"href":"http:\/\/www.plusmedskarszewy.pl\/index.php\/wp-json\/wp\/v2\/pages\/35"}],"collection":[{"href":"http:\/\/www.plusmedskarszewy.pl\/index.php\/wp-json\/wp\/v2\/pages"}],"about":[{"href":"http:\/\/www.plusmedskarszewy.pl\/index.php\/wp-json\/wp\/v2\/types\/page"}],"author":[{"embeddable":true,"href":"http:\/\/www.plusmedskarszewy.pl\/index.php\/wp-json\/wp\/v2\/users\/1"}],"replies":[{"embeddable":true,"href":"http:\/\/www.plusmedskarszewy.pl\/index.php\/wp-json\/wp\/v2\/comments?post=35"}],"version-history":[{"count":30,"href":"http:\/\/www.plusmedskarszewy.pl\/index.php\/wp-json\/wp\/v2\/pages\/35\/revisions"}],"predecessor-version":[{"id":346,"href":"http:\/\/www.plusmedskarszewy.pl\/index.php\/wp-json\/wp\/v2\/pages\/35\/revisions\/346"}],"wp:attachment":[{"href":"http:\/\/www.plusmedskarszewy.pl\/index.php\/wp-json\/wp\/v2\/media?parent=35"}],"curies":[{"name":"wp","href":"https:\/\/api.w.org\/{rel}","templated":true}]}}