{"id":33,"date":"2022-04-04T15:39:23","date_gmt":"2022-04-04T15:39:23","guid":{"rendered":"http:\/\/www.plusmedskarszewy.pl\/?page_id=33"},"modified":"2023-11-05T18:31:55","modified_gmt":"2023-11-05T18:31:55","slug":"dla-pacjenta","status":"publish","type":"page","link":"http:\/\/www.plusmedskarszewy.pl\/index.php\/dla-pacjenta\/","title":{"rendered":"Dla pacjenta"},"content":{"rendered":"\t\t<div data-elementor-type=\"wp-page\" data-elementor-id=\"33\" class=\"elementor elementor-33\" data-elementor-post-type=\"page\">\n\t\t\t\t\t\t<section class=\"elementor-section elementor-top-section elementor-element elementor-element-3ddb683 elementor-section-boxed elementor-section-height-default elementor-section-height-default\" data-id=\"3ddb683\" data-element_type=\"section\">\n\t\t\t\t\t\t<div class=\"elementor-container elementor-column-gap-default\">\n\t\t\t\t\t<div class=\"elementor-column elementor-col-100 elementor-top-column elementor-element elementor-element-bd970ee\" data-id=\"bd970ee\" data-element_type=\"column\">\n\t\t\t<div class=\"elementor-widget-wrap elementor-element-populated\">\n\t\t\t\t\t\t<div class=\"elementor-element elementor-element-f8ff6c0 elementor-widget elementor-widget-heading\" data-id=\"f8ff6c0\" data-element_type=\"widget\" data-widget_type=\"heading.default\">\n\t\t\t\t<div class=\"elementor-widget-container\">\n\t\t\t<style>\/*! elementor - v3.19.0 - 07-02-2024 *\/\n.elementor-heading-title{padding:0;margin:0;line-height:1}.elementor-widget-heading .elementor-heading-title[class*=elementor-size-]>a{color:inherit;font-size:inherit;line-height:inherit}.elementor-widget-heading .elementor-heading-title.elementor-size-small{font-size:15px}.elementor-widget-heading .elementor-heading-title.elementor-size-medium{font-size:19px}.elementor-widget-heading .elementor-heading-title.elementor-size-large{font-size:29px}.elementor-widget-heading .elementor-heading-title.elementor-size-xl{font-size:39px}.elementor-widget-heading .elementor-heading-title.elementor-size-xxl{font-size:59px}<\/style><h2 class=\"elementor-heading-title elementor-size-default\">DLA PACJENTA <\/h2>\t\t<\/div>\n\t\t\t\t<\/div>\n\t\t\t\t<div class=\"elementor-element elementor-element-59388e7 elementor-widget elementor-widget-text-editor\" data-id=\"59388e7\" data-element_type=\"widget\" data-widget_type=\"text-editor.default\">\n\t\t\t\t<div class=\"elementor-widget-container\">\n\t\t\t<style>\/*! elementor - v3.19.0 - 07-02-2024 *\/\n.elementor-widget-text-editor.elementor-drop-cap-view-stacked .elementor-drop-cap{background-color:#69727d;color:#fff}.elementor-widget-text-editor.elementor-drop-cap-view-framed .elementor-drop-cap{color:#69727d;border:3px solid;background-color:transparent}.elementor-widget-text-editor:not(.elementor-drop-cap-view-default) .elementor-drop-cap{margin-top:8px}.elementor-widget-text-editor:not(.elementor-drop-cap-view-default) .elementor-drop-cap-letter{width:1em;height:1em}.elementor-widget-text-editor .elementor-drop-cap{float:left;text-align:center;line-height:1;font-size:50px}.elementor-widget-text-editor .elementor-drop-cap-letter{display:inline-block}<\/style>\t\t\t\t<p class=\"MsoNormal\"><strong>OTO KILKA WSKAZ\u00d3WEK DLA PACJENTA:\u00a0<\/strong><\/p><ul><li>Zapraszamy pacjent\u00f3w od poniedzia\u0142ku do soboty, co zapewnia elastyczny harmonogram wizyt.<\/li><li>Nie jest wymagane skierowanie lekarskie, co oznacza, \u017ce mo\u017cesz skorzysta\u0107 z naszych us\u0142ug bez konieczno\u015bci odwiedzania lekarza pierwszego kontaktu.<\/li><li>Przed rozpocz\u0119ciem terapii przeprowadzimy kompleksowy wywiad i dok\u0142adn\u0105 analiz\u0119 Twojej historii medycznej, co pozwoli nam dostosowa\u0107 terapi\u0119 do Twoich indywidualnych potrzeb.<\/li><li>Aby komfortowo uczestniczy\u0107 w sesjach \u0107wicze\u0144, warto zabra\u0107 ze sob\u0105 wygodny str\u00f3j, kt\u00f3ry nie b\u0119dzie kr\u0119powa\u0107 Twoich ruch\u00f3w.<\/li><li>Je\u015bli konieczne jest prze\u0142o\u017cenie wizyty, prosimy o kontakt telefoniczny. Jeste\u015bmy tu, aby Ci pom\u00f3c i zrozumie\u0107, \u017ce \u017cycie mo\u017ce przynosi\u0107 niespodziewane zmiany.<\/li><\/ul><p>J<b>este\u015bmy gotowi do opieki nad Twoim zdrowiem i komfortem. Skontaktuj si\u0119 z nami, aby um\u00f3wi\u0107 si\u0119 na wizyt\u0119 i rozpocz\u0105\u0107 drog\u0119 do lepszego samopoczucia oraz zdrowia.<\/b><\/p>\t\t\t\t\t\t<\/div>\n\t\t\t\t<\/div>\n\t\t\t\t\t<\/div>\n\t\t<\/div>\n\t\t\t\t\t<\/div>\n\t\t<\/section>\n\t\t\t\t<\/div>\n\t\t","protected":false},"excerpt":{"rendered":"<p>DLA PACJENTA OTO KILKA WSKAZ\u00d3WEK DLA PACJENTA:\u00a0 Zapraszamy pacjent\u00f3w od poniedzia\u0142ku do soboty, co zapewnia elastyczny harmonogram wizyt. Nie jest wymagane skierowanie lekarskie, co oznacza, \u017ce mo\u017cesz skorzysta\u0107 z naszych us\u0142ug bez konieczno\u015bci odwiedzania lekarza pierwszego kontaktu. Przed rozpocz\u0119ciem terapii przeprowadzimy kompleksowy wywiad i dok\u0142adn\u0105 analiz\u0119 Twojej historii medycznej, co pozwoli nam dostosowa\u0107 terapi\u0119 do [&hellip;]<\/p>\n","protected":false},"author":1,"featured_media":0,"parent":0,"menu_order":0,"comment_status":"closed","ping_status":"closed","template":"elementor_header_footer","meta":{"footnotes":""},"_links":{"self":[{"href":"http:\/\/www.plusmedskarszewy.pl\/index.php\/wp-json\/wp\/v2\/pages\/33"}],"collection":[{"href":"http:\/\/www.plusmedskarszewy.pl\/index.php\/wp-json\/wp\/v2\/pages"}],"about":[{"href":"http:\/\/www.plusmedskarszewy.pl\/index.php\/wp-json\/wp\/v2\/types\/page"}],"author":[{"embeddable":true,"href":"http:\/\/www.plusmedskarszewy.pl\/index.php\/wp-json\/wp\/v2\/users\/1"}],"replies":[{"embeddable":true,"href":"http:\/\/www.plusmedskarszewy.pl\/index.php\/wp-json\/wp\/v2\/comments?post=33"}],"version-history":[{"count":22,"href":"http:\/\/www.plusmedskarszewy.pl\/index.php\/wp-json\/wp\/v2\/pages\/33\/revisions"}],"predecessor-version":[{"id":234,"href":"http:\/\/www.plusmedskarszewy.pl\/index.php\/wp-json\/wp\/v2\/pages\/33\/revisions\/234"}],"wp:attachment":[{"href":"http:\/\/www.plusmedskarszewy.pl\/index.php\/wp-json\/wp\/v2\/media?parent=33"}],"curies":[{"name":"wp","href":"https:\/\/api.w.org\/{rel}","templated":true}]}}