{"id":25,"date":"2022-04-04T15:37:52","date_gmt":"2022-04-04T15:37:52","guid":{"rendered":"http:\/\/www.plusmedskarszewy.pl\/?page_id=25"},"modified":"2023-11-05T18:31:09","modified_gmt":"2023-11-05T18:31:09","slug":"o-nas","status":"publish","type":"page","link":"http:\/\/www.plusmedskarszewy.pl\/index.php\/o-nas\/","title":{"rendered":"O nas"},"content":{"rendered":"\t\t<div data-elementor-type=\"wp-page\" data-elementor-id=\"25\" class=\"elementor elementor-25\" data-elementor-post-type=\"page\">\n\t\t\t\t\t\t<section class=\"elementor-section elementor-top-section elementor-element elementor-element-c6eb8bc elementor-section-boxed elementor-section-height-default elementor-section-height-default\" data-id=\"c6eb8bc\" data-element_type=\"section\">\n\t\t\t\t\t\t<div class=\"elementor-container elementor-column-gap-default\">\n\t\t\t\t\t<div class=\"elementor-column elementor-col-100 elementor-top-column elementor-element elementor-element-679503d\" data-id=\"679503d\" data-element_type=\"column\">\n\t\t\t<div class=\"elementor-widget-wrap elementor-element-populated\">\n\t\t\t\t\t\t<div class=\"elementor-element elementor-element-a7fe2ff elementor-widget elementor-widget-heading\" data-id=\"a7fe2ff\" data-element_type=\"widget\" data-widget_type=\"heading.default\">\n\t\t\t\t<div class=\"elementor-widget-container\">\n\t\t\t<style>\/*! elementor - v3.19.0 - 07-02-2024 *\/\n.elementor-heading-title{padding:0;margin:0;line-height:1}.elementor-widget-heading .elementor-heading-title[class*=elementor-size-]>a{color:inherit;font-size:inherit;line-height:inherit}.elementor-widget-heading .elementor-heading-title.elementor-size-small{font-size:15px}.elementor-widget-heading .elementor-heading-title.elementor-size-medium{font-size:19px}.elementor-widget-heading .elementor-heading-title.elementor-size-large{font-size:29px}.elementor-widget-heading .elementor-heading-title.elementor-size-xl{font-size:39px}.elementor-widget-heading .elementor-heading-title.elementor-size-xxl{font-size:59px}<\/style><h2 class=\"elementor-heading-title elementor-size-default\">O NAS <\/h2>\t\t<\/div>\n\t\t\t\t<\/div>\n\t\t\t\t<div class=\"elementor-element elementor-element-9a8c1b0 elementor-widget elementor-widget-text-editor\" data-id=\"9a8c1b0\" data-element_type=\"widget\" data-widget_type=\"text-editor.default\">\n\t\t\t\t<div class=\"elementor-widget-container\">\n\t\t\t<style>\/*! elementor - v3.19.0 - 07-02-2024 *\/\n.elementor-widget-text-editor.elementor-drop-cap-view-stacked .elementor-drop-cap{background-color:#69727d;color:#fff}.elementor-widget-text-editor.elementor-drop-cap-view-framed .elementor-drop-cap{color:#69727d;border:3px solid;background-color:transparent}.elementor-widget-text-editor:not(.elementor-drop-cap-view-default) .elementor-drop-cap{margin-top:8px}.elementor-widget-text-editor:not(.elementor-drop-cap-view-default) .elementor-drop-cap-letter{width:1em;height:1em}.elementor-widget-text-editor .elementor-drop-cap{float:left;text-align:center;line-height:1;font-size:50px}.elementor-widget-text-editor .elementor-drop-cap-letter{display:inline-block}<\/style>\t\t\t\t<p><strong style=\"font-size: inherit; text-align: inherit; color: var( --e-global-color-text ); font-family: var( --e-global-typography-text-font-family ), Sans-serif; background-color: var( --e-global-color-332ece1 ); letter-spacing: -0.015em;\"><u>DLACZEGO WARTO SKORZYSTA\u0106 Z NASZEJ OFERTY?<\/u><\/strong><\/p><ol><li><strong>DO\u015aWIADCZONY PERSONEL:<\/strong> Nasz zesp\u00f3\u0142 sk\u0142ada si\u0119 z wykwalifikowanych fizjoterapeut\u00f3w, kt\u00f3rzy posiadaj\u0105 szerok\u0105 wiedz\u0119 i do\u015bwiadczenie w dziedzinie rehabilitacji.<\/li><li><strong>INDYWIDUALNE PODEJ\u015aCIE:<\/strong> Rozumiemy, \u017ce ka\u017cdy pacjent jest inny, dlatego dostosowujemy nasze podej\u015bcie do Twoich indywidualnych potrzeb i problem\u00f3w zdrowotnych. Podczas konsultacji przeprowadzimy dok\u0142adny wywiad i ocenimy Tw\u00f3j stan fizyczny, aby opracowa\u0107 spersonalizowany plan terapeutyczny.<\/li><li><strong>ZROZUMIA\u0141E WYJA\u015aNIENIA:<\/strong> Nasi fizjoterapeuci s\u0105 nie tylko specjalistami w swojej dziedzinie, ale r\u00f3wnie\u017c doskonale potrafi\u0105 t\u0142umaczy\u0107 i edukowa\u0107 pacjent\u00f3w. Zrozumiesz, jakie s\u0105 przyczyny Twoich dolegliwo\u015bci oraz jakie kroki mo\u017cna podj\u0105\u0107, aby poprawi\u0107 Twoje zdrowie i samopoczucie.<\/li><li><strong>SKUTECZNE TERAPIE:<\/strong> Na podstawie diagnozy nasz fizjoterapeuta opracuje plan leczenia, kt\u00f3ry mo\u017ce obejmowa\u0107 r\u00f3\u017cnorodne terapie, takie jak masa\u017ce, \u0107wiczenia, techniki mobilizacji i wiele innych. Naszym celem jest przywr\u00f3cenie pe\u0142nej funkcjonalno\u015bci Twojego cia\u0142a.<\/li><li><strong>PROFESJONALNE WYPOSA\u017bENIE:<\/strong> Nasza plac\u00f3wka jest wyposa\u017cona w nowoczesny sprz\u0119t, co pozwala nam \u015bwiadczy\u0107 us\u0142ugi na najwy\u017cszym poziomie.<\/li><\/ol>\t\t\t\t\t\t<\/div>\n\t\t\t\t<\/div>\n\t\t\t\t\t<\/div>\n\t\t<\/div>\n\t\t\t\t\t<\/div>\n\t\t<\/section>\n\t\t\t\t<section class=\"elementor-section elementor-top-section elementor-element elementor-element-3565b63 elementor-section-boxed elementor-section-height-default elementor-section-height-default\" data-id=\"3565b63\" data-element_type=\"section\">\n\t\t\t\t\t\t<div class=\"elementor-container elementor-column-gap-default\">\n\t\t\t\t\t<div class=\"elementor-column elementor-col-100 elementor-top-column elementor-element elementor-element-1fd9483\" data-id=\"1fd9483\" data-element_type=\"column\">\n\t\t\t<div class=\"elementor-widget-wrap elementor-element-populated\">\n\t\t\t\t\t\t<div class=\"elementor-element elementor-element-72c4a43 elementor-widget elementor-widget-heading\" data-id=\"72c4a43\" data-element_type=\"widget\" data-widget_type=\"heading.default\">\n\t\t\t\t<div class=\"elementor-widget-container\">\n\t\t\t<h2 class=\"elementor-heading-title elementor-size-default\">POZNAJ MIEJSCE DO KT\u00d3REGO CI\u0118 ZAPRASZAMY!<\/h2>\t\t<\/div>\n\t\t\t\t<\/div>\n\t\t\t\t<div class=\"elementor-element elementor-element-8b3f98b elementor-widget elementor-widget-video\" data-id=\"8b3f98b\" data-element_type=\"widget\" data-settings=\"{&quot;video_type&quot;:&quot;hosted&quot;,&quot;controls&quot;:&quot;yes&quot;}\" data-widget_type=\"video.default\">\n\t\t\t\t<div class=\"elementor-widget-container\">\n\t\t\t<style>\/*! elementor - v3.19.0 - 07-02-2024 *\/\n.elementor-widget-video .elementor-widget-container{overflow:hidden;transform:translateZ(0)}.elementor-widget-video .elementor-wrapper{aspect-ratio:var(--video-aspect-ratio)}.elementor-widget-video .elementor-wrapper iframe,.elementor-widget-video .elementor-wrapper video{height:100%;width:100%;display:flex;border:none;background-color:#000}@supports not (aspect-ratio:1\/1){.elementor-widget-video .elementor-wrapper{position:relative;overflow:hidden;height:0;padding-bottom:calc(100% \/ var(--video-aspect-ratio))}.elementor-widget-video .elementor-wrapper iframe,.elementor-widget-video .elementor-wrapper video{position:absolute;top:0;right:0;bottom:0;left:0}}.elementor-widget-video .elementor-open-inline .elementor-custom-embed-image-overlay{position:absolute;top:0;right:0;bottom:0;left:0;background-size:cover;background-position:50%}.elementor-widget-video .elementor-custom-embed-image-overlay{cursor:pointer;text-align:center}.elementor-widget-video .elementor-custom-embed-image-overlay:hover .elementor-custom-embed-play i{opacity:1}.elementor-widget-video .elementor-custom-embed-image-overlay img{display:block;width:100%;aspect-ratio:var(--video-aspect-ratio);-o-object-fit:cover;object-fit:cover;-o-object-position:center center;object-position:center center}@supports not (aspect-ratio:1\/1){.elementor-widget-video .elementor-custom-embed-image-overlay{position:relative;overflow:hidden;height:0;padding-bottom:calc(100% \/ var(--video-aspect-ratio))}.elementor-widget-video .elementor-custom-embed-image-overlay img{position:absolute;top:0;right:0;bottom:0;left:0}}.elementor-widget-video .e-hosted-video .elementor-video{-o-object-fit:cover;object-fit:cover}.e-con-inner>.elementor-widget-video,.e-con>.elementor-widget-video{width:var(--container-widget-width);--flex-grow:var(--container-widget-flex-grow)}<\/style>\t\t<div class=\"e-hosted-video elementor-wrapper elementor-open-inline\">\n\t\t\t\t\t<video class=\"elementor-video\" src=\"http:\/\/www.plusmedskarszewy.pl\/wp-content\/uploads\/2023\/10\/VIDEO-2022-09-23-19-36-43.mp4\" controls=\"\" preload=\"metadata\" controlsList=\"nodownload\"><\/video>\n\t\t\t\t<\/div>\n\t\t\t\t<\/div>\n\t\t\t\t<\/div>\n\t\t\t\t\t<\/div>\n\t\t<\/div>\n\t\t\t\t\t<\/div>\n\t\t<\/section>\n\t\t\t\t<\/div>\n\t\t","protected":false},"excerpt":{"rendered":"<p>O NAS DLACZEGO WARTO SKORZYSTA\u0106 Z NASZEJ OFERTY? DO\u015aWIADCZONY PERSONEL: Nasz zesp\u00f3\u0142 sk\u0142ada si\u0119 z wykwalifikowanych fizjoterapeut\u00f3w, kt\u00f3rzy posiadaj\u0105 szerok\u0105 wiedz\u0119 i do\u015bwiadczenie w dziedzinie rehabilitacji. INDYWIDUALNE PODEJ\u015aCIE: Rozumiemy, \u017ce ka\u017cdy pacjent jest inny, dlatego dostosowujemy nasze podej\u015bcie do Twoich indywidualnych potrzeb i problem\u00f3w zdrowotnych. Podczas konsultacji przeprowadzimy dok\u0142adny wywiad i ocenimy Tw\u00f3j stan fizyczny, [&hellip;]<\/p>\n","protected":false},"author":1,"featured_media":0,"parent":0,"menu_order":0,"comment_status":"closed","ping_status":"closed","template":"elementor_header_footer","meta":{"footnotes":""},"_links":{"self":[{"href":"http:\/\/www.plusmedskarszewy.pl\/index.php\/wp-json\/wp\/v2\/pages\/25"}],"collection":[{"href":"http:\/\/www.plusmedskarszewy.pl\/index.php\/wp-json\/wp\/v2\/pages"}],"about":[{"href":"http:\/\/www.plusmedskarszewy.pl\/index.php\/wp-json\/wp\/v2\/types\/page"}],"author":[{"embeddable":true,"href":"http:\/\/www.plusmedskarszewy.pl\/index.php\/wp-json\/wp\/v2\/users\/1"}],"replies":[{"embeddable":true,"href":"http:\/\/www.plusmedskarszewy.pl\/index.php\/wp-json\/wp\/v2\/comments?post=25"}],"version-history":[{"count":25,"href":"http:\/\/www.plusmedskarszewy.pl\/index.php\/wp-json\/wp\/v2\/pages\/25\/revisions"}],"predecessor-version":[{"id":231,"href":"http:\/\/www.plusmedskarszewy.pl\/index.php\/wp-json\/wp\/v2\/pages\/25\/revisions\/231"}],"wp:attachment":[{"href":"http:\/\/www.plusmedskarszewy.pl\/index.php\/wp-json\/wp\/v2\/media?parent=25"}],"curies":[{"name":"wp","href":"https:\/\/api.w.org\/{rel}","templated":true}]}}